{"id":391,"date":"2022-03-03T13:08:36","date_gmt":"2022-03-03T13:08:36","guid":{"rendered":"https:\/\/frau-schueler.de\/?page_id=391"},"modified":"2022-03-18T11:21:51","modified_gmt":"2022-03-18T11:21:51","slug":"fuer-die-presse","status":"publish","type":"page","link":"https:\/\/frau-schueler.de\/?page_id=391","title":{"rendered":"F\u00fcr die Presse"},"content":{"rendered":"<p>[et_pb_section fb_built=&#8221;1&#8243; _builder_version=&#8221;4.14.8&#8243; _module_preset=&#8221;default&#8221; background_image=&#8221;https:\/\/frau-schueler.de\/wp-content\/uploads\/2022\/02\/paper.jpg&#8221; parallax=&#8221;on&#8221; global_colors_info=&#8221;{}&#8221;][et_pb_row _builder_version=&#8221;4.14.8&#8243; _module_preset=&#8221;default&#8221; height=&#8221;202px&#8221; custom_padding=&#8221;17px|||||&#8221; global_colors_info=&#8221;{}&#8221;][et_pb_column type=&#8221;4_4&#8243; _builder_version=&#8221;4.14.8&#8243; _module_preset=&#8221;default&#8221; global_colors_info=&#8221;{}&#8221;][et_pb_text _builder_version=&#8221;4.14.9&#8243; _module_preset=&#8221;default&#8221; text_font=&#8221;Nunito|800|||||||&#8221; text_font_size=&#8221;22px&#8221; global_colors_info=&#8221;{}&#8221;]<\/p>\n<p>Pressematerial<\/p>\n<p>[\/et_pb_text][et_pb_text _builder_version=&#8221;4.14.8&#8243; _module_preset=&#8221;default&#8221; text_font=&#8221;Nunito||||||||&#8221; text_font_size=&#8221;22px&#8221; global_colors_info=&#8221;{}&#8221;]<\/p>\n<p>Die auf dieser Seite zur Verf\u00fcgung gestellten Abbildungen und Texte d\u00fcrfen im Zusammenhang mit einer Berichterstattung \u00fcber das Buch bzw. die Autorin bei Angabe der Quelle <a href=\"http:\/\/www.frau-schueler.de\">www.frau-schueler.de<\/a>\u00a0und Zusendung eines Belegs oder des entsprechenden Links verwendet werden. Falls Sie weiteres Material ben\u00f6tigen oder Fragen haben, schreiben Sie mir gerne eine <a href=\"mailto:frau-schueler-dankt@gmx.de\">Mail<\/a>.<\/p>\n<p>[\/et_pb_text][\/et_pb_column][\/et_pb_row][et_pb_row _builder_version=&#8221;4.14.8&#8243; _module_preset=&#8221;default&#8221; custom_margin=&#8221;0px|auto|0px|auto|false|false&#8221; global_colors_info=&#8221;{}&#8221;][et_pb_column type=&#8221;4_4&#8243; _builder_version=&#8221;4.14.8&#8243; _module_preset=&#8221;default&#8221; global_colors_info=&#8221;{}&#8221;][et_pb_text _builder_version=&#8221;4.14.8&#8243; _module_preset=&#8221;default&#8221; text_font=&#8221;Nunito|800|||||||&#8221; text_text_color=&#8221;#f76f00&#8243; text_font_size=&#8221;22px&#8221; custom_padding=&#8221;2px||14px|||&#8221; link_option_url=&#8221;https:\/\/frau-schueler.de\/wp-content\/uploads\/2022\/03\/Presse-Text-1.docx&#8221; global_colors_info=&#8221;{}&#8221;]<\/p>\n<p>Pressetext Download<\/p>\n<p>[\/et_pb_text][\/et_pb_column][\/et_pb_row][et_pb_row _builder_version=&#8221;4.14.8&#8243; _module_preset=&#8221;default&#8221; custom_padding=&#8221;4px|||||&#8221; global_colors_info=&#8221;{}&#8221;][et_pb_column type=&#8221;4_4&#8243; _builder_version=&#8221;4.14.8&#8243; _module_preset=&#8221;default&#8221; global_colors_info=&#8221;{}&#8221;][et_pb_text _builder_version=&#8221;4.14.8&#8243; _module_preset=&#8221;default&#8221; text_font=&#8221;Nunito|800|||||||&#8221; text_text_color=&#8221;#F76F00&#8243; text_font_size=&#8221;22px&#8221; link_option_url=&#8221;https:\/\/frau-schueler.de\/wp-content\/uploads\/2022\/03\/Presse-Prolog.docx&#8221; global_colors_info=&#8221;{}&#8221;]<\/p>\n<p>Presse Leseprobe Prolog Download<\/p>\n<p>[\/et_pb_text][\/et_pb_column][\/et_pb_row][et_pb_row _builder_version=&#8221;4.14.8&#8243; _module_preset=&#8221;default&#8221; global_colors_info=&#8221;{}&#8221;][et_pb_column type=&#8221;4_4&#8243; _builder_version=&#8221;4.14.8&#8243; _module_preset=&#8221;default&#8221; global_colors_info=&#8221;{}&#8221;][et_pb_text _builder_version=&#8221;4.14.8&#8243; _module_preset=&#8221;default&#8221; text_font=&#8221;Nunito|800|||||||&#8221; text_text_color=&#8221;#F76F00&#8243; text_font_size=&#8221;22px&#8221; link_option_url=&#8221;https:\/\/frau-schueler.de\/wp-content\/uploads\/2022\/03\/Presse-Leseprobe-Kapitel-1.docx&#8221; global_colors_info=&#8221;{}&#8221;]<\/p>\n<p>Presse Leseprobe Kapitel 1 Download<\/p>\n<p>[\/et_pb_text][\/et_pb_column][\/et_pb_row][et_pb_row _builder_version=&#8221;4.14.8&#8243; _module_preset=&#8221;default&#8221; global_colors_info=&#8221;{}&#8221;][et_pb_column type=&#8221;4_4&#8243; _builder_version=&#8221;4.14.8&#8243; _module_preset=&#8221;default&#8221; global_colors_info=&#8221;{}&#8221;][et_pb_text _builder_version=&#8221;4.14.8&#8243; _module_preset=&#8221;default&#8221; text_font=&#8221;Nunito|800|||||||&#8221; text_text_color=&#8221;#F76F00&#8243; text_font_size=&#8221;22px&#8221; link_option_url=&#8221;https:\/\/frau-schueler.de\/wp-content\/uploads\/2022\/03\/Presse-Leseprobe-Kapitel-12.docx&#8221; global_colors_info=&#8221;{}&#8221;]<\/p>\n<p>Presse Leseprobe Kapitel 12 Download<\/p>\n<p>[\/et_pb_text][et_pb_text _builder_version=&#8221;4.14.9&#8243; _module_preset=&#8221;default&#8221; text_font=&#8221;Nunito|800|||||||&#8221; text_text_color=&#8221;#F76F00&#8243; text_font_size=&#8221;22px&#8221; min_height=&#8221;42px&#8221; custom_margin=&#8221;54px|||||&#8221; custom_padding=&#8221;||4px|||&#8221; link_option_url_new_window=&#8221;on&#8221; hover_enabled=&#8221;0&#8243; global_colors_info=&#8221;{}&#8221; link_option_url=&#8221;https:\/\/frau-schueler.de\/wp-content\/uploads\/2022\/03\/Pressemappe-Toll-dass-es-mich-gibt.zip&#8221; sticky_enabled=&#8221;0&#8243;]<\/p>\n<p>Pressemappe als ZIP Datei<\/p>\n<p>[\/et_pb_text][\/et_pb_column][\/et_pb_row][et_pb_row column_structure=&#8221;1_2,1_2&#8243; _builder_version=&#8221;4.14.9&#8243; _module_preset=&#8221;default&#8221; width=&#8221;100%&#8221; max_width=&#8221;1100px&#8221; global_colors_info=&#8221;{}&#8221;][et_pb_column type=&#8221;1_2&#8243; _builder_version=&#8221;4.14.8&#8243; _module_preset=&#8221;default&#8221; global_colors_info=&#8221;{}&#8221;][et_pb_image src=&#8221;https:\/\/frau-schueler.de\/wp-content\/uploads\/2022\/03\/Portrait-Doppel-Autorin-FrauSchueler-Webaufloesung.jpg&#8221; alt=&#8221;Portrait-Doppel-Autorin-FrauSchueler-Webaufloesung&#8221; title_text=&#8221;Portr\u00e4t-Doppel-Autorin-FrauSchueler-Webaufloesung&#8221; url=&#8221;https:\/\/frau-schueler.de\/wp-content\/uploads\/2022\/03\/Portrait-Doppel-Autorin-FrauSchueler-Webaufloesung.jpg&#8221; _builder_version=&#8221;4.14.9&#8243; _module_preset=&#8221;default&#8221; width=&#8221;78%&#8221; height=&#8221;320px&#8221; global_colors_info=&#8221;{}&#8221;][\/et_pb_image][et_pb_text _builder_version=&#8221;4.14.8&#8243; _module_preset=&#8221;default&#8221; text_font=&#8221;Nunito|800|||||||&#8221; text_text_color=&#8221;#F76F00&#8243; text_font_size=&#8221;22px&#8221; link_option_url=&#8221;https:\/\/frau-schueler.de\/wp-content\/uploads\/2022\/03\/Portrait-Doppel-Autorin-FrauSchueler-Webaufloesung.jpg&#8221; global_colors_info=&#8221;{}&#8221;]<\/p>\n<p>Portrait Autorin Frau Sch\u00fcler Website Webaufl\u00f6sung\u00a0<\/p>\n<p>[\/et_pb_text][\/et_pb_column][et_pb_column type=&#8221;1_2&#8243; _builder_version=&#8221;4.14.8&#8243; _module_preset=&#8221;default&#8221; global_colors_info=&#8221;{}&#8221;][et_pb_image src=&#8221;https:\/\/frau-schueler.de\/wp-content\/uploads\/2022\/03\/tolldassesmichgibt-cover-1.jpg&#8221; title_text=&#8221;tolldassesmichgibt-cover&#8221; url=&#8221;https:\/\/frau-schueler.de\/wp-content\/uploads\/2022\/03\/tolldassesmichgibt-cover-1.jpg&#8221; _builder_version=&#8221;4.14.9&#8243; _module_preset=&#8221;default&#8221; width=&#8221;40%&#8221; height=&#8221;310px&#8221; custom_padding=&#8221;|0px|10px||false|false&#8221; global_colors_info=&#8221;{}&#8221;][\/et_pb_image][et_pb_text _builder_version=&#8221;4.14.8&#8243; _module_preset=&#8221;default&#8221; text_font=&#8221;Nunito|800|||||||&#8221; text_text_color=&#8221;#F76F00&#8243; text_font_size=&#8221;22px&#8221; link_option_url=&#8221;https:\/\/frau-schueler.de\/wp-content\/uploads\/2022\/03\/tolldassesmichgibt-cover.jpg&#8221; global_colors_info=&#8221;{}&#8221;]<\/p>\n<p>Cover Toll, dass es mich gibt!<\/p>\n<p>[\/et_pb_text][\/et_pb_column][\/et_pb_row][et_pb_row column_structure=&#8221;1_2,1_2&#8243; _builder_version=&#8221;4.14.9&#8243; _module_preset=&#8221;default&#8221; width=&#8221;100%&#8221; max_width=&#8221;1100px&#8221; global_colors_info=&#8221;{}&#8221;][et_pb_column type=&#8221;1_2&#8243; _builder_version=&#8221;4.14.9&#8243; _module_preset=&#8221;default&#8221; global_colors_info=&#8221;{}&#8221;][et_pb_image src=&#8221;https:\/\/frau-schueler.de\/wp-content\/uploads\/2022\/03\/Frau-Schueler-mit-Buch-Webaufloesung.jpg&#8221; title_text=&#8221;Frau Schu\u0308ler mit Buch Webauflo\u0308sung&#8221; url=&#8221;https:\/\/frau-schueler.de\/wp-content\/uploads\/2022\/03\/Frau-Schueler-mit-Buch-Webaufloesung.jpg&#8221; _builder_version=&#8221;4.14.9&#8243; _module_preset=&#8221;default&#8221; width=&#8221;40%&#8221; height=&#8221;300px&#8221; global_colors_info=&#8221;{}&#8221;][\/et_pb_image][et_pb_text _builder_version=&#8221;4.14.9&#8243; _module_preset=&#8221;default&#8221; text_font=&#8221;Nunito|800|||||||&#8221; text_text_color=&#8221;#EF7A37&#8243; text_font_size=&#8221;22px&#8221; link_option_url=&#8221;https:\/\/frau-schueler.de\/wp-content\/uploads\/2022\/03\/Frau-Schueler-mit-Buch-Webaufloesung.jpg&#8221; global_colors_info=&#8221;{}&#8221;]<\/p>\n<p>Portrait Autorin Frau Sch\u00fcler mit Buch Webaufl\u00f6sung<\/p>\n<p>[\/et_pb_text][\/et_pb_column][et_pb_column type=&#8221;1_2&#8243; _builder_version=&#8221;4.14.9&#8243; _module_preset=&#8221;default&#8221; global_colors_info=&#8221;{}&#8221;][et_pb_image src=&#8221;https:\/\/frau-schueler.de\/wp-content\/uploads\/2022\/03\/2296FD01-68B7-4DFA-9EF0-8405163C4857-scaled.jpeg&#8221; title_text=&#8221;Frau Sch\u00fcler mit Buch Printaufl\u00f6sung&#8221; url=&#8221;https:\/\/frau-schueler.de\/wp-content\/uploads\/2022\/03\/2296FD01-68B7-4DFA-9EF0-8405163C4857-scaled.jpeg&#8221; _builder_version=&#8221;4.14.9&#8243; _module_preset=&#8221;default&#8221; width=&#8221;40%&#8221; height=&#8221;300px&#8221; global_colors_info=&#8221;{}&#8221;][\/et_pb_image][et_pb_text _builder_version=&#8221;4.14.9&#8243; _module_preset=&#8221;default&#8221; text_font=&#8221;Nunito|800|||||||&#8221; text_text_color=&#8221;#EF7A37&#8243; text_font_size=&#8221;22px&#8221; link_option_url=&#8221;https:\/\/frau-schueler.de\/wp-content\/uploads\/2022\/03\/2296FD01-68B7-4DFA-9EF0-8405163C4857-scaled.jpeg&#8221; global_colors_info=&#8221;{}&#8221;]<\/p>\n<p>Portrait Autorin Frau Sch\u00fcler mit Buch Printaufl\u00f6sung<\/p>\n<p>[\/et_pb_text][\/et_pb_column][\/et_pb_row][\/et_pb_section]<\/p>\n","protected":false},"excerpt":{"rendered":"<p>PressematerialDie auf dieser Seite zur Verf\u00fcgung gestellten Abbildungen und Texte d\u00fcrfen im Zusammenhang mit einer Berichterstattung \u00fcber das Buch bzw. die Autorin bei Angabe der Quelle www.frau-schueler.de\u00a0und Zusendung eines Belegs oder des entsprechenden Links verwendet werden. Falls Sie weiteres Material ben\u00f6tigen oder Fragen haben, schreiben Sie mir gerne eine Mail.Pressetext DownloadPresse Leseprobe Prolog DownloadPresse Leseprobe [&hellip;]<\/p>\n","protected":false},"author":1,"featured_media":0,"parent":0,"menu_order":0,"comment_status":"closed","ping_status":"closed","template":"","meta":{"_et_pb_use_builder":"on","_et_pb_old_content":"","_et_gb_content_width":"","footnotes":""},"class_list":["post-391","page","type-page","status-publish","hentry"],"_links":{"self":[{"href":"https:\/\/frau-schueler.de\/index.php?rest_route=\/wp\/v2\/pages\/391","targetHints":{"allow":["GET"]}}],"collection":[{"href":"https:\/\/frau-schueler.de\/index.php?rest_route=\/wp\/v2\/pages"}],"about":[{"href":"https:\/\/frau-schueler.de\/index.php?rest_route=\/wp\/v2\/types\/page"}],"author":[{"embeddable":true,"href":"https:\/\/frau-schueler.de\/index.php?rest_route=\/wp\/v2\/users\/1"}],"replies":[{"embeddable":true,"href":"https:\/\/frau-schueler.de\/index.php?rest_route=%2Fwp%2Fv2%2Fcomments&post=391"}],"version-history":[{"count":64,"href":"https:\/\/frau-schueler.de\/index.php?rest_route=\/wp\/v2\/pages\/391\/revisions"}],"predecessor-version":[{"id":676,"href":"https:\/\/frau-schueler.de\/index.php?rest_route=\/wp\/v2\/pages\/391\/revisions\/676"}],"wp:attachment":[{"href":"https:\/\/frau-schueler.de\/index.php?rest_route=%2Fwp%2Fv2%2Fmedia&parent=391"}],"curies":[{"name":"wp","href":"https:\/\/api.w.org\/{rel}","templated":true}]}}